{"id":870,"date":"2025-06-24T20:37:19","date_gmt":"2025-06-24T18:37:19","guid":{"rendered":"https:\/\/orchid-weasel-405112.hostingersite.com\/?post_type=product&#038;p=870"},"modified":"2025-12-02T11:45:54","modified_gmt":"2025-12-02T09:45:54","slug":"dunya-gold-lace-lingerie-set","status":"publish","type":"product","link":"https:\/\/shobain.com\/hr\/proizvod\/dunya-gold-lace-lingerie-set\/","title":{"rendered":"Dunya Gold Lace Lingerie Set"},"content":{"rendered":"<p data-start=\"484\" data-end=\"545\"><strong data-start=\"484\" data-end=\"545\">Omiljeni Dunja setovi se vra\u0107aju - u posljednjim dostupnim komadima.<\/strong><\/p>\n<p data-start=\"547\" data-end=\"889\">Omiljeni Dunya Garter setovi su rasprodani, ali dva gotova seta su s ljubavlju kreirani od posljednjih metara ove senzacionalne zlatne \u010dipke. Setovi su modernijeg stila s crnim ga\u0107icama s applique detaljima od zlatne \u010dipke. Bralettes imaju isti dizajn kao i originalni Dunya setovi, sa zavodljivim prorezom na grudima.<\/p>\n<p data-start=\"891\" data-end=\"1247\">Bralettes dolaze u veli\u010dinama 70\/75 A i 80\/85 B. Ga\u0107ice veli\u010dine M dolaze u brazilskom kroju, dok ga\u0107ice veli\u010dine S dolaze u klasi\u010dnom brief kroju. Ovo su posljednji dostupni komadi iz Dunya asortimana, nemojte propustiti priliku da postanu va\u0161i!<\/p>\n<p data-start=\"1249\" data-end=\"1374\">Ostala su samo dva seta. Ovo je va\u0161a posljednja prilika da Dunya postane va\u0161a!<\/p>\n<p>Lace: 92% nylon, 8% elastane<\/p>\n<p>Jersey: 94% pamuk, 6% elastan<\/p>","protected":false},"excerpt":{"rendered":"<p>Posljednji dostupni Dunya setovi su ovdje - prekrasna zlatna \u010dipka, zavodljivi izrezi i mekani pamu\u010dni jersey dobitna su kombinacija za nevjerojatnu udobnost no\u0161enja. Samo dva seta su dostupna i spremna su za slanje.<\/p>\n<p data-start=\"121\" data-end=\"140\"><strong data-start=\"121\" data-end=\"138\">Karakteristike:<\/strong><\/p>\n<ul data-start=\"141\" data-end=\"475\">\n<li data-start=\"141\" data-end=\"234\">\n<p data-start=\"143\" data-end=\"234\">Izra\u0111eno od posljednjih metara luksuzne zlatne Dunya \u010dipke<\/p>\n<\/li>\n<li data-start=\"235\" data-end=\"353\">\n<p data-start=\"237\" data-end=\"353\">Bralettes s podesivim naramenicama i kop\u010danjem u ograni\u010denim veli\u010dinama (70\/75 A, 80\/85 B)<\/p>\n<\/li>\n<li data-start=\"354\" data-end=\"475\">\n<p data-start=\"356\" data-end=\"475\">Ga\u0107ice u brazilskom (M) ili klasi\u010dnom (S) kroju, podstavljene certificiranim Oeko-Tex\u00ae pamu\u010dnim jersey-om za udobnost<\/p>\n<\/li>\n<\/ul>","protected":false},"featured_media":882,"comment_status":"open","ping_status":"closed","template":"","meta":{"inline_featured_image":false,"_uag_custom_page_level_css":"","site-sidebar-layout":"default","site-content-layout":"","ast-site-content-layout":"default","site-content-style":"default","site-sidebar-style":"default","ast-global-header-display":"","ast-banner-title-visibility":"","ast-main-header-display":"","ast-hfb-above-header-display":"","ast-hfb-below-header-display":"","ast-hfb-mobile-header-display":"","site-post-title":"","ast-breadcrumbs-content":"","ast-featured-img":"","footer-sml-layout":"","ast-disable-related-posts":"","theme-transparent-header-meta":"default","adv-header-id-meta":"","stick-header-meta":"","header-above-stick-meta":"","header-main-stick-meta":"","header-below-stick-meta":"","astra-migrate-meta-layouts":"set","ast-page-background-enabled":"default","ast-page-background-meta":{"desktop":{"background-color":"var(--ast-global-color-4)","background-image":"","background-repeat":"repeat","background-position":"center center","background-size":"auto","background-attachment":"scroll","background-type":"","background-media":"","overlay-type":"","overlay-color":"","overlay-opacity":"","overlay-gradient":""},"tablet":{"background-color":"","background-image":"","background-repeat":"repeat","background-position":"center center","background-size":"auto","background-attachment":"scroll","background-type":"","background-media":"","overlay-type":"","overlay-color":"","overlay-opacity":"","overlay-gradient":""},"mobile":{"background-color":"","background-image":"","background-repeat":"repeat","background-position":"center center","background-size":"auto","background-attachment":"scroll","background-type":"","background-media":"","overlay-type":"","overlay-color":"","overlay-opacity":"","overlay-gradient":""}},"ast-content-background-meta":{"desktop":{"background-color":"var(--ast-global-color-5)","background-image":"","background-repeat":"repeat","background-position":"center center","background-size":"auto","background-attachment":"scroll","background-type":"","background-media":"","overlay-type":"","overlay-color":"","overlay-opacity":"","overlay-gradient":""},"tablet":{"background-color":"var(--ast-global-color-5)","background-image":"","background-repeat":"repeat","background-position":"center center","background-size":"auto","background-attachment":"scroll","background-type":"","background-media":"","overlay-type":"","overlay-color":"","overlay-opacity":"","overlay-gradient":""},"mobile":{"background-color":"var(--ast-global-color-5)","background-image":"","background-repeat":"repeat","background-position":"center center","background-size":"auto","background-attachment":"scroll","background-type":"","background-media":"","overlay-type":"","overlay-color":"","overlay-opacity":"","overlay-gradient":""}}},"product_brand":[38],"product_cat":[26],"product_tag":[59,68,101,99,100],"class_list":{"0":"post-870","1":"product","2":"type-product","3":"status-publish","4":"has-post-thumbnail","6":"product_brand-shobain","7":"product_cat-lingerie-sets","8":"product_tag-black","9":"product_tag-cotton","10":"product_tag-cutout","11":"product_tag-dunya","12":"product_tag-gold","13":"desktop-align-center","14":"tablet-align-center","15":"mobile-align-center","17":"first","18":"instock","19":"sold-individually","20":"shipping-taxable","21":"purchasable","22":"product-type-variable"},"aioseo_notices":[],"uagb_featured_image_src":{"full":["https:\/\/shobain.com\/wp-content\/uploads\/2025\/06\/dunya-set.jpg",1292,1722,false],"thumbnail":["https:\/\/shobain.com\/wp-content\/uploads\/2025\/06\/dunya-set-150x150.jpg",150,150,true],"medium":["https:\/\/shobain.com\/wp-content\/uploads\/2025\/06\/dunya-set-225x300.jpg",225,300,true],"medium_large":["https:\/\/shobain.com\/wp-content\/uploads\/2025\/06\/dunya-set-768x1024.jpg",768,1024,true],"large":["https:\/\/shobain.com\/wp-content\/uploads\/2025\/06\/dunya-set-768x1024.jpg",768,1024,true],"1536x1536":["https:\/\/shobain.com\/wp-content\/uploads\/2025\/06\/dunya-set-1152x1536.jpg",1152,1536,true],"2048x2048":["https:\/\/shobain.com\/wp-content\/uploads\/2025\/06\/dunya-set.jpg",1292,1722,false],"trp-custom-language-flag":["https:\/\/shobain.com\/wp-content\/uploads\/2025\/06\/dunya-set.jpg",9,12,false],"mailpoet_newsletter_max":["https:\/\/shobain.com\/wp-content\/uploads\/2025\/06\/dunya-set.jpg",1292,1722,false],"woocommerce_thumbnail":["https:\/\/shobain.com\/wp-content\/uploads\/2025\/06\/dunya-set-300x375.jpg",300,375,true],"woocommerce_single":["https:\/\/shobain.com\/wp-content\/uploads\/2025\/06\/dunya-set-600x800.jpg",600,800,true],"woocommerce_gallery_thumbnail":["https:\/\/shobain.com\/wp-content\/uploads\/2025\/06\/dunya-set-100x100.jpg",100,100,true]},"uagb_author_info":{"display_name":"Laura Roman","author_link":"https:\/\/shobain.com\/hr\/author\/"},"uagb_comment_info":0,"uagb_excerpt":"The last of the beloved Dunya Sets \u2014 reimagined with luxurious gold lace, sensual cutouts, and soft cotton jersey for everyday comfort. Only two exclusive sets remain, ready to ship and made to make you feel like art. Key Features: Crafted from the last meters of luxurious gold Dunya lace with intricate appliqu\u00e9 details Bralettes&hellip;","_links":{"self":[{"href":"https:\/\/shobain.com\/hr\/wp-json\/wp\/v2\/product\/870","targetHints":{"allow":["GET"]}}],"collection":[{"href":"https:\/\/shobain.com\/hr\/wp-json\/wp\/v2\/product"}],"about":[{"href":"https:\/\/shobain.com\/hr\/wp-json\/wp\/v2\/types\/product"}],"replies":[{"embeddable":true,"href":"https:\/\/shobain.com\/hr\/wp-json\/wp\/v2\/comments?post=870"}],"wp:featuredmedia":[{"embeddable":true,"href":"https:\/\/shobain.com\/hr\/wp-json\/wp\/v2\/media\/882"}],"wp:attachment":[{"href":"https:\/\/shobain.com\/hr\/wp-json\/wp\/v2\/media?parent=870"}],"wp:term":[{"taxonomy":"product_brand","embeddable":true,"href":"https:\/\/shobain.com\/hr\/wp-json\/wp\/v2\/product_brand?post=870"},{"taxonomy":"product_cat","embeddable":true,"href":"https:\/\/shobain.com\/hr\/wp-json\/wp\/v2\/product_cat?post=870"},{"taxonomy":"product_tag","embeddable":true,"href":"https:\/\/shobain.com\/hr\/wp-json\/wp\/v2\/product_tag?post=870"}],"curies":[{"name":"wp","href":"https:\/\/api.w.org\/{rel}","templated":true}]}}