{"id":884,"date":"2025-06-24T20:45:15","date_gmt":"2025-06-24T18:45:15","guid":{"rendered":"https:\/\/orchid-weasel-405112.hostingersite.com\/?post_type=product&#038;p=884"},"modified":"2025-07-31T19:18:27","modified_gmt":"2025-07-31T17:18:27","slug":"phoenix-set","status":"publish","type":"product","link":"https:\/\/shobain.com\/hr\/proizvod\/phoenix-set\/","title":{"rendered":"Phoenix Set"},"content":{"rendered":"<p data-start=\"532\" data-end=\"587\"><strong data-start=\"532\" data-end=\"587\">Iz pepela bestselera uzdi\u017ee se posljednji plamen.<\/strong><\/p>\n<p data-start=\"589\" data-end=\"909\">Izra\u0111en od posljednjih metara obo\u017eavane Phoenix \u010dipke, ovaj jedinstveni set va\u0161a je prilika da posjedujete uistinu jedinstveni komad donjeg rublja Shobain. Trokutasti bralette ima dodatni \u010dipkasti ulo\u017eak izme\u0111u ko\u0161arica, tvore\u0107i mekani pojas koji nagla\u0161ava grudi i podi\u017ee dizajn smjelim, ali elegantnim prizvukom.<\/p>\n<p data-start=\"911\" data-end=\"1127\">Uparen s nje\u017enim tangama s dvostrukim remen\u010di\u0107em, ovaj set je izjava snage i senzualnosti. Oba komada su zavr\u0161ena promi\u0161ljenim detaljima i podstavljena pamu\u010dnim jersey-om s Oeko-Tex\u00ae certifikatom za prozra\u010dnu udobnost.<\/p>\n<p data-start=\"1129\" data-end=\"1167\">Ovaj ekskluzivni set je najprikladniji za:<\/p>\n<ul data-start=\"1168\" data-end=\"1237\">\n<li data-start=\"1168\" data-end=\"1211\">\n<p data-start=\"1170\" data-end=\"1211\"><strong data-start=\"1170\" data-end=\"1183\">Bralette:<\/strong> AA\u2013A ko\u0161arica, 70\u201385 opseg ispod grudi<\/p>\n<\/li>\n<li data-start=\"1212\" data-end=\"1237\">\n<p data-start=\"1214\" data-end=\"1237\"><strong data-start=\"1214\" data-end=\"1224\">Tange:<\/strong> XS\u2013M ga\u0107ice<\/p>\n<\/li>\n<\/ul>\n<p data-start=\"1239\" data-end=\"1393\">Uz narud\u017ebu ostavite mjere za opseg prsa, struka i bokova, a mi \u0107emo prilagoditi duljinu naramenica prije slanja kako bismo osigurali lijepo i krojeno pristajanje.<\/p>\n<p data-start=\"1395\" data-end=\"1438\">Samo jedan set postoji - i \u010deka vas.<\/p>\n<p>\u010cipka: 100% poliester<\/p>\n<p>Oeko-Tex\u00ae pamu\u010dni jersey:\u00a094% pamuk, 6% elastan<\/p>","protected":false},"excerpt":{"rendered":"<p>Posljednji plamenovi Feniksa \u2014 jedinstveni set donjeg rublja izra\u0111en od posljednjih komadi\u0107a ove voljene \u010dipke. Upe\u010datljiv bralette i tange s dvostrukim naramenicama, dizajnirane za udobnost i senzualnost. Spremne za isporuku s podesivim duljinama naramenica za savr\u0161eno pristajanje.<\/p>\n<p data-start=\"104\" data-end=\"123\"><strong data-start=\"104\" data-end=\"121\">Karakteristike:<\/strong><\/p>\n<ul data-start=\"124\" data-end=\"464\">\n<li data-start=\"124\" data-end=\"237\">\n<p data-start=\"126\" data-end=\"237\">Izra\u0111eno od posljednjih metara kultne Phoenix \u010dipke s odva\u017enim \u010dipkastim umetkom na trokutastom bralette-u<\/p>\n<\/li>\n<li data-start=\"238\" data-end=\"343\">\n<p data-start=\"240\" data-end=\"343\">Nje\u017ene tange s dvostrukim remenom uparene s prozra\u010dnom Oeko-Tex\u00ae podstavom od pamu\u010dnog jersey-a za cjelodnevnu udobnost<\/p>\n<\/li>\n<li data-start=\"344\" data-end=\"464\">\n<p data-start=\"346\" data-end=\"464\">Prilago\u0111avanje naramenica dostupno je prema va\u0161im mjerama; ograni\u010deno na jedan ekskluzivni set, ko\u0161arice AA-A i donji dijelovi XS-M<\/p>\n<\/li>\n<\/ul>","protected":false},"featured_media":888,"comment_status":"open","ping_status":"closed","template":"","meta":{"inline_featured_image":false,"_uag_custom_page_level_css":"","site-sidebar-layout":"default","site-content-layout":"","ast-site-content-layout":"default","site-content-style":"default","site-sidebar-style":"default","ast-global-header-display":"","ast-banner-title-visibility":"","ast-main-header-display":"","ast-hfb-above-header-display":"","ast-hfb-below-header-display":"","ast-hfb-mobile-header-display":"","site-post-title":"","ast-breadcrumbs-content":"","ast-featured-img":"","footer-sml-layout":"","ast-disable-related-posts":"","theme-transparent-header-meta":"default","adv-header-id-meta":"","stick-header-meta":"","header-above-stick-meta":"","header-main-stick-meta":"","header-below-stick-meta":"","astra-migrate-meta-layouts":"set","ast-page-background-enabled":"default","ast-page-background-meta":{"desktop":{"background-color":"var(--ast-global-color-4)","background-image":"","background-repeat":"repeat","background-position":"center center","background-size":"auto","background-attachment":"scroll","background-type":"","background-media":"","overlay-type":"","overlay-color":"","overlay-opacity":"","overlay-gradient":""},"tablet":{"background-color":"","background-image":"","background-repeat":"repeat","background-position":"center center","background-size":"auto","background-attachment":"scroll","background-type":"","background-media":"","overlay-type":"","overlay-color":"","overlay-opacity":"","overlay-gradient":""},"mobile":{"background-color":"","background-image":"","background-repeat":"repeat","background-position":"center center","background-size":"auto","background-attachment":"scroll","background-type":"","background-media":"","overlay-type":"","overlay-color":"","overlay-opacity":"","overlay-gradient":""}},"ast-content-background-meta":{"desktop":{"background-color":"var(--ast-global-color-5)","background-image":"","background-repeat":"repeat","background-position":"center center","background-size":"auto","background-attachment":"scroll","background-type":"","background-media":"","overlay-type":"","overlay-color":"","overlay-opacity":"","overlay-gradient":""},"tablet":{"background-color":"var(--ast-global-color-5)","background-image":"","background-repeat":"repeat","background-position":"center center","background-size":"auto","background-attachment":"scroll","background-type":"","background-media":"","overlay-type":"","overlay-color":"","overlay-opacity":"","overlay-gradient":""},"mobile":{"background-color":"var(--ast-global-color-5)","background-image":"","background-repeat":"repeat","background-position":"center center","background-size":"auto","background-attachment":"scroll","background-type":"","background-media":"","overlay-type":"","overlay-color":"","overlay-opacity":"","overlay-gradient":""}}},"product_brand":[],"product_cat":[26],"product_tag":[59,57,102,103],"class_list":{"0":"post-884","1":"product","2":"type-product","3":"status-publish","4":"has-post-thumbnail","6":"product_cat-lingerie-sets","7":"product_tag-black","8":"product_tag-embroidered-lace","9":"product_tag-phoenix","10":"product_tag-strappy","11":"desktop-align-center","12":"tablet-align-center","13":"mobile-align-center","15":"first","16":"instock","17":"shipping-taxable","18":"purchasable","19":"product-type-simple"},"aioseo_notices":[],"uagb_featured_image_src":{"full":["https:\/\/shobain.com\/wp-content\/uploads\/2025\/06\/phoenix-set-front.jpg",1292,1722,false],"thumbnail":["https:\/\/shobain.com\/wp-content\/uploads\/2025\/06\/phoenix-set-front-150x150.jpg",150,150,true],"medium":["https:\/\/shobain.com\/wp-content\/uploads\/2025\/06\/phoenix-set-front-225x300.jpg",225,300,true],"medium_large":["https:\/\/shobain.com\/wp-content\/uploads\/2025\/06\/phoenix-set-front-768x1024.jpg",768,1024,true],"large":["https:\/\/shobain.com\/wp-content\/uploads\/2025\/06\/phoenix-set-front-768x1024.jpg",768,1024,true],"1536x1536":["https:\/\/shobain.com\/wp-content\/uploads\/2025\/06\/phoenix-set-front-1152x1536.jpg",1152,1536,true],"2048x2048":["https:\/\/shobain.com\/wp-content\/uploads\/2025\/06\/phoenix-set-front.jpg",1292,1722,false],"trp-custom-language-flag":["https:\/\/shobain.com\/wp-content\/uploads\/2025\/06\/phoenix-set-front.jpg",9,12,false],"mailpoet_newsletter_max":["https:\/\/shobain.com\/wp-content\/uploads\/2025\/06\/phoenix-set-front.jpg",1292,1722,false],"woocommerce_thumbnail":["https:\/\/shobain.com\/wp-content\/uploads\/2025\/06\/phoenix-set-front-300x375.jpg",300,375,true],"woocommerce_single":["https:\/\/shobain.com\/wp-content\/uploads\/2025\/06\/phoenix-set-front-600x800.jpg",600,800,true],"woocommerce_gallery_thumbnail":["https:\/\/shobain.com\/wp-content\/uploads\/2025\/06\/phoenix-set-front-100x100.jpg",100,100,true]},"uagb_author_info":{"display_name":"Laura Roman","author_link":"https:\/\/shobain.com\/hr\/author\/"},"uagb_comment_info":0,"uagb_excerpt":"The last flames of the Phoenix \u2014 a one-of-a-kind lingerie set crafted from the final pieces of this beloved lace. A striking harness-style bralette and double-strap thong, designed for comfort and sensuality. Ready to ship with adjustable strap lengths for a perfect fit. Key Features: Crafted from the last meters of iconic Phoenix lace with&hellip;","_links":{"self":[{"href":"https:\/\/shobain.com\/hr\/wp-json\/wp\/v2\/product\/884","targetHints":{"allow":["GET"]}}],"collection":[{"href":"https:\/\/shobain.com\/hr\/wp-json\/wp\/v2\/product"}],"about":[{"href":"https:\/\/shobain.com\/hr\/wp-json\/wp\/v2\/types\/product"}],"replies":[{"embeddable":true,"href":"https:\/\/shobain.com\/hr\/wp-json\/wp\/v2\/comments?post=884"}],"wp:featuredmedia":[{"embeddable":true,"href":"https:\/\/shobain.com\/hr\/wp-json\/wp\/v2\/media\/888"}],"wp:attachment":[{"href":"https:\/\/shobain.com\/hr\/wp-json\/wp\/v2\/media?parent=884"}],"wp:term":[{"taxonomy":"product_brand","embeddable":true,"href":"https:\/\/shobain.com\/hr\/wp-json\/wp\/v2\/product_brand?post=884"},{"taxonomy":"product_cat","embeddable":true,"href":"https:\/\/shobain.com\/hr\/wp-json\/wp\/v2\/product_cat?post=884"},{"taxonomy":"product_tag","embeddable":true,"href":"https:\/\/shobain.com\/hr\/wp-json\/wp\/v2\/product_tag?post=884"}],"curies":[{"name":"wp","href":"https:\/\/api.w.org\/{rel}","templated":true}]}}