{"id":905,"date":"2025-06-24T21:04:10","date_gmt":"2025-06-24T19:04:10","guid":{"rendered":"https:\/\/orchid-weasel-405112.hostingersite.com\/?post_type=product&#038;p=905"},"modified":"2025-12-02T16:22:58","modified_gmt":"2025-12-02T14:22:58","slug":"luna-nightie","status":"publish","type":"product","link":"https:\/\/shobain.com\/hr\/proizvod\/luna-nightie\/","title":{"rendered":"Luna Spava\u0107ica"},"content":{"rendered":"<p data-start=\"553\" data-end=\"636\"><strong data-start=\"553\" data-end=\"636\">Luna no\u0107na ko\u0161ulja \u0107e vam omogu\u0107iti da spavate kao kraljica - i tako se i probudite.<\/strong><\/p>\n<p data-start=\"638\" data-end=\"968\">Izra\u0111ena od prekrasno mekane rastezljive \u010dipke i lepr\u0161ave prozirne mre\u017eice, spava\u0107ica Luna spaja luksuznu udobnost s nje\u017enom zavodljivo\u0161\u0107u. Crna verzija ima cvjetnu \u010dipku sa srebrnim sjajem, dok tamno bordo varijanta stvara upe\u010datljiv kontrast s prozirnom crnom mre\u017eicom za izgled koji je jednako elegantan koliko i senzualan.<\/p>\n<p data-start=\"970\" data-end=\"1225\">Prozra\u010dna mre\u017easta suknja kre\u0107e se s va\u0161im tijelom, \u010dine\u0107i da se svaki okret, istezanje i uzdah osje\u0107aju kao ritual meko\u0107e. Podesive naramenice osiguravaju udobno pristajanje, a svaki komad je spreman za slanje tako da ne morate \u010dekati da biste odjenuli ne\u0161to lijepo.<\/p>\n<p data-start=\"1227\" data-end=\"1454\">Odgovaraju\u0107e ga\u0107ice upotpunjuju ovaj zavodljivi izgled. Stilizirane poput na\u0161ih voljenih ga\u0107ica Ivy i Ivy Noire, prednji dio izra\u0111en je od mekanog pamu\u010dnog jerseya, dok vam \u010dipka omata bokove za senzualan izgled.<\/p>\n<hr data-start=\"1456\" data-end=\"1459\" \/>\n<p data-start=\"1461\" data-end=\"1481\"><strong data-start=\"1461\" data-end=\"1481\">Dostupne veli\u010dine:<\/strong><\/p>\n<p data-start=\"1483\" data-end=\"1505\">\ud83d\udda4 <strong data-start=\"1486\" data-end=\"1503\">Crna spava\u0107ica<\/strong><\/p>\n<ul data-start=\"1506\" data-end=\"1573\">\n<li data-start=\"1506\" data-end=\"1524\">\n<p data-start=\"1508\" data-end=\"1524\">A ko\u0161arica \u2013 M<\/p>\n<\/li>\n<li data-start=\"1525\" data-end=\"1573\">\n<p data-start=\"1527\" data-end=\"1573\">C ko\u0161arica \u2013 L<br data-start=\"1540\" data-end=\"1543\" \/>Ga\u0107ice: S\/M ili L<\/p>\n<\/li>\n<\/ul>\n<p data-start=\"1575\" data-end=\"1600\">\ud83c\udf77 <strong data-start=\"1578\" data-end=\"1598\">Bordo spava\u0107ica<\/strong><\/p>\n<ul data-start=\"1601\" data-end=\"1696\">\n<li data-start=\"1601\" data-end=\"1696\">\n<p data-start=\"1603\" data-end=\"1696\">B ko\u0161arica \u2013 M<br data-start=\"1617\" data-end=\"1620\" \/>Ga\u0107ice: XS ili Custom veli\u010dina (do veli\u010dine L, ostavite napomenu sa svojom narud\u017ebom)<\/p>\n<\/li>\n<\/ul>\n<hr data-start=\"1698\" data-end=\"1701\" \/>\n<p data-start=\"1703\" data-end=\"1828\">Za sva pitanja o veli\u010dini ili zahtjeve za prilago\u0111enim krojem, slobodno nas kontaktirajte - rado \u0107emo vam pomo\u0107i u kreiranju savr\u0161enog komada.<\/p>\n<p>&nbsp;<\/p>\n<p>\u010cipka: 92%najlon, 8% elastan<\/p>\n<p>Mre\u017ea: 90% poliester, 10% elastan<\/p>\n<p>Jersey: 94% pamuk, 6% elastan<\/p>","protected":false},"excerpt":{"rendered":"<p data-start=\"306\" data-end=\"516\">Spavajte poput kraljice umotane u zavodljivu meko\u0107u Luna spava\u0107ice. Izra\u0111ena od svjetlucave rastezljive \u010dipke i mekane prozirne mre\u017eice, dostupna je s odgovaraju\u0107im ga\u0107icama za potpuni u\u017eitak prije spavanja.<\/p>\n<p data-start=\"109\" data-end=\"128\"><strong data-start=\"109\" data-end=\"126\">Karakteristike:<\/strong><\/p>\n<ul data-start=\"129\" data-end=\"540\">\n<li data-start=\"129\" data-end=\"263\">\n<p data-start=\"131\" data-end=\"263\">Luksuzno mekana rastezljiva \u010dipka sa srebrnim svjetlucavim efektom (crna) ili tamno bordo \u010dipka uparena s prozirnom mre\u017eastom suknjom koja se graciozno kre\u0107e<\/p>\n<\/li>\n<li data-start=\"264\" data-end=\"429\">\n<p data-start=\"266\" data-end=\"429\">Podesive naramenice za udobnost; spava\u0107ica dostupna u crnoj i bordo boji<\/p>\n<\/li>\n<li data-start=\"430\" data-end=\"540\">\n<p data-start=\"432\" data-end=\"540\">Spremno za isporuku - savr\u0161ena kombinacija za kompletan elegantan i udoban set za spavanje<\/p>\n<\/li>\n<\/ul>","protected":false},"featured_media":1880,"comment_status":"open","ping_status":"closed","template":"","meta":{"inline_featured_image":false,"_uag_custom_page_level_css":"","site-sidebar-layout":"default","site-content-layout":"","ast-site-content-layout":"default","site-content-style":"default","site-sidebar-style":"default","ast-global-header-display":"","ast-banner-title-visibility":"","ast-main-header-display":"","ast-hfb-above-header-display":"","ast-hfb-below-header-display":"","ast-hfb-mobile-header-display":"","site-post-title":"","ast-breadcrumbs-content":"","ast-featured-img":"","footer-sml-layout":"","ast-disable-related-posts":"","theme-transparent-header-meta":"default","adv-header-id-meta":"","stick-header-meta":"","header-above-stick-meta":"","header-main-stick-meta":"","header-below-stick-meta":"","astra-migrate-meta-layouts":"set","ast-page-background-enabled":"default","ast-page-background-meta":{"desktop":{"background-color":"var(--ast-global-color-4)","background-image":"","background-repeat":"repeat","background-position":"center center","background-size":"auto","background-attachment":"scroll","background-type":"","background-media":"","overlay-type":"","overlay-color":"","overlay-opacity":"","overlay-gradient":""},"tablet":{"background-color":"","background-image":"","background-repeat":"repeat","background-position":"center center","background-size":"auto","background-attachment":"scroll","background-type":"","background-media":"","overlay-type":"","overlay-color":"","overlay-opacity":"","overlay-gradient":""},"mobile":{"background-color":"","background-image":"","background-repeat":"repeat","background-position":"center center","background-size":"auto","background-attachment":"scroll","background-type":"","background-media":"","overlay-type":"","overlay-color":"","overlay-opacity":"","overlay-gradient":""}},"ast-content-background-meta":{"desktop":{"background-color":"var(--ast-global-color-5)","background-image":"","background-repeat":"repeat","background-position":"center center","background-size":"auto","background-attachment":"scroll","background-type":"","background-media":"","overlay-type":"","overlay-color":"","overlay-opacity":"","overlay-gradient":""},"tablet":{"background-color":"var(--ast-global-color-5)","background-image":"","background-repeat":"repeat","background-position":"center center","background-size":"auto","background-attachment":"scroll","background-type":"","background-media":"","overlay-type":"","overlay-color":"","overlay-opacity":"","overlay-gradient":""},"mobile":{"background-color":"var(--ast-global-color-5)","background-image":"","background-repeat":"repeat","background-position":"center center","background-size":"auto","background-attachment":"scroll","background-type":"","background-media":"","overlay-type":"","overlay-color":"","overlay-opacity":"","overlay-gradient":""}}},"product_brand":[38],"product_cat":[41],"product_tag":[],"class_list":{"0":"post-905","1":"product","2":"type-product","3":"status-publish","4":"has-post-thumbnail","6":"product_brand-shobain","7":"product_cat-nightwear","8":"desktop-align-center","9":"tablet-align-center","10":"mobile-align-center","12":"first","13":"instock","14":"shipping-taxable","15":"purchasable","16":"product-type-variable"},"aioseo_notices":[],"uagb_featured_image_src":{"full":["https:\/\/shobain.com\/wp-content\/uploads\/2025\/06\/591912503_873009738412068_4863824567553617349_n.jpg",1365,2048,false],"thumbnail":["https:\/\/shobain.com\/wp-content\/uploads\/2025\/06\/591912503_873009738412068_4863824567553617349_n-150x150.jpg",150,150,true],"medium":["https:\/\/shobain.com\/wp-content\/uploads\/2025\/06\/591912503_873009738412068_4863824567553617349_n-200x300.jpg",200,300,true],"medium_large":["https:\/\/shobain.com\/wp-content\/uploads\/2025\/06\/591912503_873009738412068_4863824567553617349_n-768x1152.jpg",768,1152,true],"large":["https:\/\/shobain.com\/wp-content\/uploads\/2025\/06\/591912503_873009738412068_4863824567553617349_n-683x1024.jpg",683,1024,true],"1536x1536":["https:\/\/shobain.com\/wp-content\/uploads\/2025\/06\/591912503_873009738412068_4863824567553617349_n-1024x1536.jpg",1024,1536,true],"2048x2048":["https:\/\/shobain.com\/wp-content\/uploads\/2025\/06\/591912503_873009738412068_4863824567553617349_n.jpg",1365,2048,false],"trp-custom-language-flag":["https:\/\/shobain.com\/wp-content\/uploads\/2025\/06\/591912503_873009738412068_4863824567553617349_n-8x12.jpg",8,12,true],"mailpoet_newsletter_max":["https:\/\/shobain.com\/wp-content\/uploads\/2025\/06\/591912503_873009738412068_4863824567553617349_n-1320x1980.jpg",1320,1980,true],"woocommerce_thumbnail":["https:\/\/shobain.com\/wp-content\/uploads\/2025\/06\/591912503_873009738412068_4863824567553617349_n-300x375.jpg",300,375,true],"woocommerce_single":["https:\/\/shobain.com\/wp-content\/uploads\/2025\/06\/591912503_873009738412068_4863824567553617349_n-600x900.jpg",600,900,true],"woocommerce_gallery_thumbnail":["https:\/\/shobain.com\/wp-content\/uploads\/2025\/06\/591912503_873009738412068_4863824567553617349_n-100x100.jpg",100,100,true]},"uagb_author_info":{"display_name":"Laura Roman","author_link":"https:\/\/shobain.com\/hr\/author\/"},"uagb_comment_info":0,"uagb_excerpt":"Sleep like a queen wrapped in the seductive softness of the Luna Nightie. Made of shimmering stretch lace and soft sheer mesh, it\u2019s available with a matching panty for complete bedtime enchantment. Key Features: Luxuriously soft stretch lace with silver shimmer (black) or deep burgundy lace paired with sheer mesh skirt that moves gracefully Adjustable&hellip;","_links":{"self":[{"href":"https:\/\/shobain.com\/hr\/wp-json\/wp\/v2\/product\/905","targetHints":{"allow":["GET"]}}],"collection":[{"href":"https:\/\/shobain.com\/hr\/wp-json\/wp\/v2\/product"}],"about":[{"href":"https:\/\/shobain.com\/hr\/wp-json\/wp\/v2\/types\/product"}],"replies":[{"embeddable":true,"href":"https:\/\/shobain.com\/hr\/wp-json\/wp\/v2\/comments?post=905"}],"wp:featuredmedia":[{"embeddable":true,"href":"https:\/\/shobain.com\/hr\/wp-json\/wp\/v2\/media\/1880"}],"wp:attachment":[{"href":"https:\/\/shobain.com\/hr\/wp-json\/wp\/v2\/media?parent=905"}],"wp:term":[{"taxonomy":"product_brand","embeddable":true,"href":"https:\/\/shobain.com\/hr\/wp-json\/wp\/v2\/product_brand?post=905"},{"taxonomy":"product_cat","embeddable":true,"href":"https:\/\/shobain.com\/hr\/wp-json\/wp\/v2\/product_cat?post=905"},{"taxonomy":"product_tag","embeddable":true,"href":"https:\/\/shobain.com\/hr\/wp-json\/wp\/v2\/product_tag?post=905"}],"curies":[{"name":"wp","href":"https:\/\/api.w.org\/{rel}","templated":true}]}}