{"id":951,"date":"2025-06-24T21:12:43","date_gmt":"2025-06-24T19:12:43","guid":{"rendered":"https:\/\/orchid-weasel-405112.hostingersite.com\/?post_type=product&#038;p=951"},"modified":"2025-07-31T19:17:24","modified_gmt":"2025-07-31T17:17:24","slug":"phoebe-set","status":"publish","type":"product","link":"https:\/\/shobain.com\/hr\/proizvod\/phoebe-set\/","title":{"rendered":"Phoebe Set"},"content":{"rendered":"<p data-start=\"383\" data-end=\"516\"><strong data-start=\"383\" data-end=\"516\">Otkrijte finalne komade izra\u0111ene od na\u0161e voljene Phoebe tkanine \u2014 seta dizajniranog za udobnost, ljepotu i razigranu svestranost.<\/strong><\/p>\n<p data-start=\"518\" data-end=\"816\">Ovaj ekskluzivni set izra\u0111en je od mekog pamu\u010dnog jersey-a s uzorkom i Oeko-Tex certifikatom, nagla\u0161enog nje\u017eno mekom crnom \u010dipkom za da\u0161ak profinjene elegancije. Grudnjak je u potpunosti podstavljen prozra\u010dnom mre\u017eicom za cjelodnevnu udobnost, a straga se pri\u010dvr\u0161\u0107uje s dvije podesive elasti\u010dne trake koje osiguravaju savr\u0161eno pristajanje.<\/p>\n<p data-start=\"818\" data-end=\"1105\">Uklju\u010dene su dvije ga\u0107ice, svaka dizajnirana da se lijepo sla\u017ee s grudnjakom, daju\u0107i vam mogu\u0107nosti kombiniranja i uskla\u0111ivanja va\u0161eg izgleda. Jedne ga\u0107ice obavijaju va\u0161e bokove istom mekom crnom \u010dipkom, dok druge nude ve\u0107u pokrivenost u \u017eivopisnom tropskom cvjetnom printu koji \u010dini Phoebe set tako posebnim.<\/p>\n<hr data-start=\"1107\" data-end=\"1110\" \/>\n<p data-start=\"1112\" data-end=\"1147\"><strong data-start=\"1112\" data-end=\"1121\">Veli\u010dina:<\/strong> B ko\u0161arica, M ga\u0107ice<\/p>\n<hr data-start=\"1149\" data-end=\"1152\" \/>\n<p data-start=\"1154\" data-end=\"1277\">Pobolj\u0161ajte svoje svakodnevno donje rublje s posljednjim komadom ove ekskluzivne tkanine - skladnom mje\u0161avinom meko\u0107e, stila i udobnosti.<\/p>\n<p>&nbsp;<\/p>\n<p>Oeko-Tex\u00ae pamu\u010dni jersey:\u00a094% pamuk, 6% elastan<\/p>\n<p>Mre\u017ea: 85% poliamid, 15% elastan<\/p>\n<p>\u010cipka: 92%najlon, 8% elastan<\/p>","protected":false},"excerpt":{"rendered":"<p>Posljednji dio voljene Phoebe tkanine je stigao - mekani, tropski cvjetni i \u010dipkasti set s jednim udobnim grudnjakom i dvije kombinirane ga\u0107ice. Savr\u0161eno za le\u017eernu svakodnevnu eleganciju.<\/p>\n<p data-start=\"102\" data-end=\"121\"><strong data-start=\"102\" data-end=\"119\">Karakteristike:<\/strong><\/p>\n<ul data-start=\"122\" data-end=\"470\">\n<li data-start=\"122\" data-end=\"247\">\n<p data-start=\"124\" data-end=\"247\">Izra\u0111eno od ekskluzivnog Oeko-Tex\u00ae certificiranog pamu\u010dnog jersey-a s nje\u017enim crnim \u010dipkastim detaljima za bezvremensku eleganciju<\/p>\n<\/li>\n<li data-start=\"248\" data-end=\"349\">\n<p data-start=\"250\" data-end=\"349\">Potpuno podstavljeni grudnjak s prozra\u010dnom mre\u017eicom i podesivim elasti\u010dnim naramenicama za udobno i savr\u0161eno pristajanje<\/p>\n<\/li>\n<li data-start=\"350\" data-end=\"470\">\n<p data-start=\"352\" data-end=\"470\">Uklju\u010dene su dvije odgovaraju\u0107e ga\u0107ice: jedne mekane crne \u010dipkaste i jedne \u017eivopisne tropske cvjetne ga\u0107ice za svestrane mogu\u0107nosti stiliziranja<\/p>\n<\/li>\n<li data-start=\"350\" data-end=\"470\"><strong data-start=\"1112\" data-end=\"1121\">Veli\u010dina:<\/strong> B ko\u0161arica, M ga\u0107ice<\/li>\n<\/ul>","protected":false},"featured_media":959,"comment_status":"open","ping_status":"closed","template":"","meta":{"inline_featured_image":false,"_uag_custom_page_level_css":"","site-sidebar-layout":"default","site-content-layout":"","ast-site-content-layout":"default","site-content-style":"default","site-sidebar-style":"default","ast-global-header-display":"","ast-banner-title-visibility":"","ast-main-header-display":"","ast-hfb-above-header-display":"","ast-hfb-below-header-display":"","ast-hfb-mobile-header-display":"","site-post-title":"","ast-breadcrumbs-content":"","ast-featured-img":"","footer-sml-layout":"","ast-disable-related-posts":"","theme-transparent-header-meta":"default","adv-header-id-meta":"","stick-header-meta":"","header-above-stick-meta":"","header-main-stick-meta":"","header-below-stick-meta":"","astra-migrate-meta-layouts":"set","ast-page-background-enabled":"default","ast-page-background-meta":{"desktop":{"background-color":"var(--ast-global-color-4)","background-image":"","background-repeat":"repeat","background-position":"center center","background-size":"auto","background-attachment":"scroll","background-type":"","background-media":"","overlay-type":"","overlay-color":"","overlay-opacity":"","overlay-gradient":""},"tablet":{"background-color":"","background-image":"","background-repeat":"repeat","background-position":"center center","background-size":"auto","background-attachment":"scroll","background-type":"","background-media":"","overlay-type":"","overlay-color":"","overlay-opacity":"","overlay-gradient":""},"mobile":{"background-color":"","background-image":"","background-repeat":"repeat","background-position":"center center","background-size":"auto","background-attachment":"scroll","background-type":"","background-media":"","overlay-type":"","overlay-color":"","overlay-opacity":"","overlay-gradient":""}},"ast-content-background-meta":{"desktop":{"background-color":"var(--ast-global-color-5)","background-image":"","background-repeat":"repeat","background-position":"center center","background-size":"auto","background-attachment":"scroll","background-type":"","background-media":"","overlay-type":"","overlay-color":"","overlay-opacity":"","overlay-gradient":""},"tablet":{"background-color":"var(--ast-global-color-5)","background-image":"","background-repeat":"repeat","background-position":"center center","background-size":"auto","background-attachment":"scroll","background-type":"","background-media":"","overlay-type":"","overlay-color":"","overlay-opacity":"","overlay-gradient":""},"mobile":{"background-color":"var(--ast-global-color-5)","background-image":"","background-repeat":"repeat","background-position":"center center","background-size":"auto","background-attachment":"scroll","background-type":"","background-media":"","overlay-type":"","overlay-color":"","overlay-opacity":"","overlay-gradient":""}}},"product_brand":[38],"product_cat":[26],"product_tag":[59,68,70,49,107,84],"class_list":{"0":"post-951","1":"product","2":"type-product","3":"status-publish","4":"has-post-thumbnail","6":"product_brand-shobain","7":"product_cat-lingerie-sets","8":"product_tag-black","9":"product_tag-cotton","10":"product_tag-everyday","11":"product_tag-lace","12":"product_tag-phoebe","13":"product_tag-ready-to-ship","14":"desktop-align-center","15":"tablet-align-center","16":"mobile-align-center","18":"first","19":"instock","20":"shipping-taxable","21":"purchasable","22":"product-type-simple"},"aioseo_notices":[],"uagb_featured_image_src":{"full":["https:\/\/shobain.com\/wp-content\/uploads\/2025\/06\/phoebe-set.jpg",1292,1722,false],"thumbnail":["https:\/\/shobain.com\/wp-content\/uploads\/2025\/06\/phoebe-set-150x150.jpg",150,150,true],"medium":["https:\/\/shobain.com\/wp-content\/uploads\/2025\/06\/phoebe-set-225x300.jpg",225,300,true],"medium_large":["https:\/\/shobain.com\/wp-content\/uploads\/2025\/06\/phoebe-set-768x1024.jpg",768,1024,true],"large":["https:\/\/shobain.com\/wp-content\/uploads\/2025\/06\/phoebe-set-768x1024.jpg",768,1024,true],"1536x1536":["https:\/\/shobain.com\/wp-content\/uploads\/2025\/06\/phoebe-set-1152x1536.jpg",1152,1536,true],"2048x2048":["https:\/\/shobain.com\/wp-content\/uploads\/2025\/06\/phoebe-set.jpg",1292,1722,false],"trp-custom-language-flag":["https:\/\/shobain.com\/wp-content\/uploads\/2025\/06\/phoebe-set.jpg",9,12,false],"mailpoet_newsletter_max":["https:\/\/shobain.com\/wp-content\/uploads\/2025\/06\/phoebe-set.jpg",1292,1722,false],"woocommerce_thumbnail":["https:\/\/shobain.com\/wp-content\/uploads\/2025\/06\/phoebe-set-300x375.jpg",300,375,true],"woocommerce_single":["https:\/\/shobain.com\/wp-content\/uploads\/2025\/06\/phoebe-set-600x800.jpg",600,800,true],"woocommerce_gallery_thumbnail":["https:\/\/shobain.com\/wp-content\/uploads\/2025\/06\/phoebe-set-100x100.jpg",100,100,true]},"uagb_author_info":{"display_name":"Laura Roman","author_link":"https:\/\/shobain.com\/hr\/author\/"},"uagb_comment_info":0,"uagb_excerpt":"The last of the beloved Phoebe fabric is here \u2014 a soft, tropical floral and lace set with one comfy bra and two mix-and-match panties. Perfect for effortless everyday elegance. Key Features: Crafted from exclusive Oeko-Tex\u00ae certified patterned cotton jersey with delicate black lace accents for timeless elegance Fully lined bra with breathable mesh and&hellip;","_links":{"self":[{"href":"https:\/\/shobain.com\/hr\/wp-json\/wp\/v2\/product\/951","targetHints":{"allow":["GET"]}}],"collection":[{"href":"https:\/\/shobain.com\/hr\/wp-json\/wp\/v2\/product"}],"about":[{"href":"https:\/\/shobain.com\/hr\/wp-json\/wp\/v2\/types\/product"}],"replies":[{"embeddable":true,"href":"https:\/\/shobain.com\/hr\/wp-json\/wp\/v2\/comments?post=951"}],"wp:featuredmedia":[{"embeddable":true,"href":"https:\/\/shobain.com\/hr\/wp-json\/wp\/v2\/media\/959"}],"wp:attachment":[{"href":"https:\/\/shobain.com\/hr\/wp-json\/wp\/v2\/media?parent=951"}],"wp:term":[{"taxonomy":"product_brand","embeddable":true,"href":"https:\/\/shobain.com\/hr\/wp-json\/wp\/v2\/product_brand?post=951"},{"taxonomy":"product_cat","embeddable":true,"href":"https:\/\/shobain.com\/hr\/wp-json\/wp\/v2\/product_cat?post=951"},{"taxonomy":"product_tag","embeddable":true,"href":"https:\/\/shobain.com\/hr\/wp-json\/wp\/v2\/product_tag?post=951"}],"curies":[{"name":"wp","href":"https:\/\/api.w.org\/{rel}","templated":true}]}}