{"id":961,"date":"2025-06-24T21:16:34","date_gmt":"2025-06-24T19:16:34","guid":{"rendered":"https:\/\/orchid-weasel-405112.hostingersite.com\/?post_type=product&#038;p=961"},"modified":"2026-02-02T11:15:10","modified_gmt":"2026-02-02T09:15:10","slug":"sunflower-set","status":"publish","type":"product","link":"https:\/\/shobain.com\/hr\/proizvod\/sunflower-set\/","title":{"rendered":"Sunflower Pamu\u010dni i \u010cipkasti Set"},"content":{"rendered":"<p data-start=\"312\" data-end=\"437\"><strong data-start=\"312\" data-end=\"437\">Uljep\u0161ajte svoj dan ovim setom donjeg rublja inspiriranim suncokretom, dizajniranim da donese toplinu i radost \u010dak i u najtmurnijim danima.<\/strong><\/p>\n<p data-start=\"439\" data-end=\"751\">Izra\u0111en od prekrasne Oeko-Tex printane pamu\u010dne jersey tkanine, ovaj set savr\u0161eno nadopunjuje voljena Ivy Noire \u010dipka koja vas obavija mekom senzualno\u0161\u0107u. Grudnjak je u potpunosti podstavljen prozra\u010dnom mre\u017eicom za vrhunsku udobnost i ima kop\u010danje na trakice straga s dvije podesive naramenice za prilago\u0111eno pristajanje.<\/p>\n<p data-start=\"753\" data-end=\"928\">Ga\u0107ice su izra\u0111ene u jednom od najpopularnijih Shobain krojeva, kombiniraju\u0107i udoban prednji dio od pamu\u010dnog jersey-a sa zavodljivim, rastezljivim stra\u017enjim dijelom od \u010dipke - besprijekorno balansiraju\u0107i udobnost i privla\u010dnost.<\/p>\n<p data-start=\"930\" data-end=\"1131\">Jedan set spreman za slanje dostupan je odmah u veli\u010dini za A ko\u0161aricu i M ga\u0107ice, s dovoljno tkanine i \u010dipke za izradu drugog seta po mjeri, skrojenog samo za vas. Jednostavno nam po\u0161aljite svoje mjere kako bi ovaj set postao va\u0161.<\/p>\n<p>Oeko-Tex\u00ae pamu\u010dni jersey:\u00a094% pamuk, 6% elastan<\/p>\n<p>Mre\u017ea: 85% poliamid, 15% elastan<\/p>\n<p>\u010cipka: 92%najlon, 8% elastan<\/p>","protected":false},"excerpt":{"rendered":"<p>Za ljubitelje suncokreta: prekrasni set koji kombinira mekani Oeko-Tex pamu\u010dni jersey i senzualnu Ivy Noire \u010dipku. S grudnjakom s trakicama na le\u0111ima i senzualnim \u010dipkastim ga\u0107icama za svakodnevno sun\u010danje.<\/p>\n<p data-start=\"108\" data-end=\"127\"><strong data-start=\"108\" data-end=\"125\">Karakteristike:<\/strong><\/p>\n<ul data-start=\"128\" data-end=\"444\">\n<li data-start=\"128\" data-end=\"246\">\n<p data-start=\"130\" data-end=\"246\">Izra\u0111eno od pamu\u010dnog jersey-a s Oeko-Tex\u00ae printom i senzualnom Ivy Noire \u010dipkom za savr\u0161en spoj udobnosti i privla\u010dnosti u veli\u010dini A ko\u0161arica i M ga\u0107ice<\/p>\n<\/li>\n<li data-start=\"247\" data-end=\"342\">\n<p data-start=\"249\" data-end=\"342\">Potpuno podstavljeni grudnjak s prozra\u010dnom mre\u017eicom i podesivim kop\u010danjem na trakice straga za savr\u0161eno pristajanje<\/p>\n<\/li>\n<li data-start=\"343\" data-end=\"444\">\n<p data-start=\"345\" data-end=\"444\">Senzualne ga\u0107ice s udobnim prednjim dijelom od pamu\u010dnog \u017eerseja i rastezljivom \u010dipkastom stra\u017enjom stranom, balansiraju\u0107i meko\u0107u i zavodljivost<\/p>\n<\/li>\n<li data-start=\"343\" data-end=\"444\">A ko\u0161arica\/ M ga\u0107ice<\/li>\n<\/ul>","protected":false},"featured_media":966,"comment_status":"open","ping_status":"closed","template":"","meta":{"inline_featured_image":false,"_uag_custom_page_level_css":"","site-sidebar-layout":"default","site-content-layout":"","ast-site-content-layout":"default","site-content-style":"default","site-sidebar-style":"default","ast-global-header-display":"","ast-banner-title-visibility":"","ast-main-header-display":"","ast-hfb-above-header-display":"","ast-hfb-below-header-display":"","ast-hfb-mobile-header-display":"","site-post-title":"","ast-breadcrumbs-content":"","ast-featured-img":"","footer-sml-layout":"","ast-disable-related-posts":"","theme-transparent-header-meta":"default","adv-header-id-meta":"","stick-header-meta":"","header-above-stick-meta":"","header-main-stick-meta":"","header-below-stick-meta":"","astra-migrate-meta-layouts":"set","ast-page-background-enabled":"default","ast-page-background-meta":{"desktop":{"background-color":"var(--ast-global-color-4)","background-image":"","background-repeat":"repeat","background-position":"center center","background-size":"auto","background-attachment":"scroll","background-type":"","background-media":"","overlay-type":"","overlay-color":"","overlay-opacity":"","overlay-gradient":""},"tablet":{"background-color":"","background-image":"","background-repeat":"repeat","background-position":"center center","background-size":"auto","background-attachment":"scroll","background-type":"","background-media":"","overlay-type":"","overlay-color":"","overlay-opacity":"","overlay-gradient":""},"mobile":{"background-color":"","background-image":"","background-repeat":"repeat","background-position":"center center","background-size":"auto","background-attachment":"scroll","background-type":"","background-media":"","overlay-type":"","overlay-color":"","overlay-opacity":"","overlay-gradient":""}},"ast-content-background-meta":{"desktop":{"background-color":"var(--ast-global-color-5)","background-image":"","background-repeat":"repeat","background-position":"center center","background-size":"auto","background-attachment":"scroll","background-type":"","background-media":"","overlay-type":"","overlay-color":"","overlay-opacity":"","overlay-gradient":""},"tablet":{"background-color":"var(--ast-global-color-5)","background-image":"","background-repeat":"repeat","background-position":"center center","background-size":"auto","background-attachment":"scroll","background-type":"","background-media":"","overlay-type":"","overlay-color":"","overlay-opacity":"","overlay-gradient":""},"mobile":{"background-color":"var(--ast-global-color-5)","background-image":"","background-repeat":"repeat","background-position":"center center","background-size":"auto","background-attachment":"scroll","background-type":"","background-media":"","overlay-type":"","overlay-color":"","overlay-opacity":"","overlay-gradient":""}}},"product_brand":[38],"product_cat":[26],"product_tag":[69,68,70,48,84],"class_list":{"0":"post-961","1":"product","2":"type-product","3":"status-publish","4":"has-post-thumbnail","6":"product_brand-shobain","7":"product_cat-lingerie-sets","8":"product_tag-colorful","9":"product_tag-cotton","10":"product_tag-everyday","11":"product_tag-floral","12":"product_tag-ready-to-ship","13":"desktop-align-center","14":"tablet-align-center","15":"mobile-align-center","17":"first","18":"instock","19":"shipping-taxable","20":"purchasable","21":"product-type-variable"},"aioseo_notices":[],"uagb_featured_image_src":{"full":["https:\/\/shobain.com\/wp-content\/uploads\/2025\/06\/sunflower-set-front.jpg",1292,1722,false],"thumbnail":["https:\/\/shobain.com\/wp-content\/uploads\/2025\/06\/sunflower-set-front-150x150.jpg",150,150,true],"medium":["https:\/\/shobain.com\/wp-content\/uploads\/2025\/06\/sunflower-set-front-225x300.jpg",225,300,true],"medium_large":["https:\/\/shobain.com\/wp-content\/uploads\/2025\/06\/sunflower-set-front-768x1024.jpg",768,1024,true],"large":["https:\/\/shobain.com\/wp-content\/uploads\/2025\/06\/sunflower-set-front-768x1024.jpg",768,1024,true],"1536x1536":["https:\/\/shobain.com\/wp-content\/uploads\/2025\/06\/sunflower-set-front-1152x1536.jpg",1152,1536,true],"2048x2048":["https:\/\/shobain.com\/wp-content\/uploads\/2025\/06\/sunflower-set-front.jpg",1292,1722,false],"trp-custom-language-flag":["https:\/\/shobain.com\/wp-content\/uploads\/2025\/06\/sunflower-set-front.jpg",9,12,false],"mailpoet_newsletter_max":["https:\/\/shobain.com\/wp-content\/uploads\/2025\/06\/sunflower-set-front.jpg",1292,1722,false],"woocommerce_thumbnail":["https:\/\/shobain.com\/wp-content\/uploads\/2025\/06\/sunflower-set-front-300x375.jpg",300,375,true],"woocommerce_single":["https:\/\/shobain.com\/wp-content\/uploads\/2025\/06\/sunflower-set-front-600x800.jpg",600,800,true],"woocommerce_gallery_thumbnail":["https:\/\/shobain.com\/wp-content\/uploads\/2025\/06\/sunflower-set-front-100x100.jpg",100,100,true]},"uagb_author_info":{"display_name":"Laura Roman","author_link":"https:\/\/shobain.com\/hr\/author\/"},"uagb_comment_info":0,"uagb_excerpt":"For sunflower lovers: a radiant set combining soft Oeko-Tex cotton jersey with sensual Ivy Noire lace. Featuring a strappy back bra and cheeky lace panty for everyday sunshine. Key Features: Crafted from Oeko-Tex\u00ae printed cotton jersey with sensual Ivy Noire lace for a perfect blend of comfort and allure Fully lined bra with breathable mesh&hellip;","_links":{"self":[{"href":"https:\/\/shobain.com\/hr\/wp-json\/wp\/v2\/product\/961","targetHints":{"allow":["GET"]}}],"collection":[{"href":"https:\/\/shobain.com\/hr\/wp-json\/wp\/v2\/product"}],"about":[{"href":"https:\/\/shobain.com\/hr\/wp-json\/wp\/v2\/types\/product"}],"replies":[{"embeddable":true,"href":"https:\/\/shobain.com\/hr\/wp-json\/wp\/v2\/comments?post=961"}],"wp:featuredmedia":[{"embeddable":true,"href":"https:\/\/shobain.com\/hr\/wp-json\/wp\/v2\/media\/966"}],"wp:attachment":[{"href":"https:\/\/shobain.com\/hr\/wp-json\/wp\/v2\/media?parent=961"}],"wp:term":[{"taxonomy":"product_brand","embeddable":true,"href":"https:\/\/shobain.com\/hr\/wp-json\/wp\/v2\/product_brand?post=961"},{"taxonomy":"product_cat","embeddable":true,"href":"https:\/\/shobain.com\/hr\/wp-json\/wp\/v2\/product_cat?post=961"},{"taxonomy":"product_tag","embeddable":true,"href":"https:\/\/shobain.com\/hr\/wp-json\/wp\/v2\/product_tag?post=961"}],"curies":[{"name":"wp","href":"https:\/\/api.w.org\/{rel}","templated":true}]}}