{"id":970,"date":"2025-06-24T21:19:23","date_gmt":"2025-06-24T19:19:23","guid":{"rendered":"https:\/\/orchid-weasel-405112.hostingersite.com\/?post_type=product&#038;p=970"},"modified":"2026-02-02T11:15:16","modified_gmt":"2026-02-02T09:15:16","slug":"galene-set","status":"publish","type":"product","link":"https:\/\/shobain.com\/hr\/proizvod\/galene-set\/","title":{"rendered":"Galene Set"},"content":{"rendered":"<p data-start=\"300\" data-end=\"574\">Prekrasan, omiljeni dizajn iz kolekcije Spring Nymph vra\u0107a se na poseban na\u010din s ovim posljednjim Galene setom. Prikazuje o\u010daravaju\u0107i motiv vretenaca na mekoj tkanini s uzorkom, savr\u0161eno uparen s nje\u017enom tamnoplavom rastezljivom \u010dipkom za romanti\u010dan i elegantan izgled.<\/p>\n<p data-start=\"576\" data-end=\"760\">Grudnjak je u potpunosti podstavljen prozra\u010dnom mre\u017eicom za udobnost, odgovara veli\u010dinama ispod prsa 75-80 i veli\u010dinama ko\u0161arica od AA do A. Ga\u0107ice imaju omiljeni kroj kupaca u veli\u010dini M.<\/p>\n<p data-start=\"762\" data-end=\"843\">Ovo je posljednja prilika da posjedujete komad ovog prekrasnog dizajna - ne propustite!<\/p>\n<p>Oeko-Tex\u00ae pamu\u010dni jersey:\u00a094% pamuk, 6% elastan<\/p>\n<p>Mre\u017ea: 85% poliamid, 15% elastan<\/p>\n<p>\u010cipka: 92%najlon, 8% elastan<\/p>","protected":false},"excerpt":{"rendered":"<p data-start=\"87\" data-end=\"270\">Omiljeni rasprodani Galene set vra\u0107a se posljednji put! Od tkanine s uzorkom vretenaca i nje\u017ene tamnoplave rastezljive \u010dipke, s potpuno podstavljenim grudnjakom i ga\u0107icama veli\u010dine M.<\/p>\n<p data-start=\"96\" data-end=\"115\"><strong data-start=\"96\" data-end=\"113\">Karakteristike:<\/strong><\/p>\n<ul data-start=\"116\" data-end=\"413\">\n<li data-start=\"116\" data-end=\"227\">\n<p data-start=\"118\" data-end=\"227\">Sadr\u017ei o\u010daravaju\u0107i motiv vretenaca na mekoj tkanini uparen s nje\u017enom tamnoplavom rastezljivom \u010dipkom<\/p>\n<\/li>\n<li data-start=\"228\" data-end=\"318\">\n<p data-start=\"230\" data-end=\"318\">Grudnjak podstavljen mre\u017eicom, za AA-A ko\u0161aricu i 75-80 opseg ispod prsa<\/p>\n<\/li>\n<li data-start=\"319\" data-end=\"413\">\n<p data-start=\"321\" data-end=\"413\">Ga\u0107ice u omiljenom stilu sa mekanom \u010dipkom, u veli\u010dini M<\/p>\n<\/li>\n<\/ul>","protected":false},"featured_media":975,"comment_status":"open","ping_status":"closed","template":"","meta":{"inline_featured_image":false,"_uag_custom_page_level_css":"","site-sidebar-layout":"default","site-content-layout":"","ast-site-content-layout":"default","site-content-style":"default","site-sidebar-style":"default","ast-global-header-display":"","ast-banner-title-visibility":"","ast-main-header-display":"","ast-hfb-above-header-display":"","ast-hfb-below-header-display":"","ast-hfb-mobile-header-display":"","site-post-title":"","ast-breadcrumbs-content":"","ast-featured-img":"","footer-sml-layout":"","ast-disable-related-posts":"","theme-transparent-header-meta":"default","adv-header-id-meta":"","stick-header-meta":"","header-above-stick-meta":"","header-main-stick-meta":"","header-below-stick-meta":"","astra-migrate-meta-layouts":"set","ast-page-background-enabled":"default","ast-page-background-meta":{"desktop":{"background-color":"var(--ast-global-color-4)","background-image":"","background-repeat":"repeat","background-position":"center center","background-size":"auto","background-attachment":"scroll","background-type":"","background-media":"","overlay-type":"","overlay-color":"","overlay-opacity":"","overlay-gradient":""},"tablet":{"background-color":"","background-image":"","background-repeat":"repeat","background-position":"center center","background-size":"auto","background-attachment":"scroll","background-type":"","background-media":"","overlay-type":"","overlay-color":"","overlay-opacity":"","overlay-gradient":""},"mobile":{"background-color":"","background-image":"","background-repeat":"repeat","background-position":"center center","background-size":"auto","background-attachment":"scroll","background-type":"","background-media":"","overlay-type":"","overlay-color":"","overlay-opacity":"","overlay-gradient":""}},"ast-content-background-meta":{"desktop":{"background-color":"var(--ast-global-color-5)","background-image":"","background-repeat":"repeat","background-position":"center center","background-size":"auto","background-attachment":"scroll","background-type":"","background-media":"","overlay-type":"","overlay-color":"","overlay-opacity":"","overlay-gradient":""},"tablet":{"background-color":"var(--ast-global-color-5)","background-image":"","background-repeat":"repeat","background-position":"center center","background-size":"auto","background-attachment":"scroll","background-type":"","background-media":"","overlay-type":"","overlay-color":"","overlay-opacity":"","overlay-gradient":""},"mobile":{"background-color":"var(--ast-global-color-5)","background-image":"","background-repeat":"repeat","background-position":"center center","background-size":"auto","background-attachment":"scroll","background-type":"","background-media":"","overlay-type":"","overlay-color":"","overlay-opacity":"","overlay-gradient":""}}},"product_brand":[38],"product_cat":[26],"product_tag":[69,68,70,49,84,67],"class_list":{"0":"post-970","1":"product","2":"type-product","3":"status-publish","4":"has-post-thumbnail","6":"product_brand-shobain","7":"product_cat-lingerie-sets","8":"product_tag-colorful","9":"product_tag-cotton","10":"product_tag-everyday","11":"product_tag-lace","12":"product_tag-ready-to-ship","13":"product_tag-spring-nymphs","14":"desktop-align-center","15":"tablet-align-center","16":"mobile-align-center","18":"first","19":"instock","20":"shipping-taxable","21":"purchasable","22":"product-type-simple"},"aioseo_notices":[],"uagb_featured_image_src":{"full":["https:\/\/shobain.com\/wp-content\/uploads\/2025\/06\/galene-set.jpg",1292,1722,false],"thumbnail":["https:\/\/shobain.com\/wp-content\/uploads\/2025\/06\/galene-set-150x150.jpg",150,150,true],"medium":["https:\/\/shobain.com\/wp-content\/uploads\/2025\/06\/galene-set-225x300.jpg",225,300,true],"medium_large":["https:\/\/shobain.com\/wp-content\/uploads\/2025\/06\/galene-set-768x1024.jpg",768,1024,true],"large":["https:\/\/shobain.com\/wp-content\/uploads\/2025\/06\/galene-set-768x1024.jpg",768,1024,true],"1536x1536":["https:\/\/shobain.com\/wp-content\/uploads\/2025\/06\/galene-set-1152x1536.jpg",1152,1536,true],"2048x2048":["https:\/\/shobain.com\/wp-content\/uploads\/2025\/06\/galene-set.jpg",1292,1722,false],"trp-custom-language-flag":["https:\/\/shobain.com\/wp-content\/uploads\/2025\/06\/galene-set.jpg",9,12,false],"mailpoet_newsletter_max":["https:\/\/shobain.com\/wp-content\/uploads\/2025\/06\/galene-set.jpg",1292,1722,false],"woocommerce_thumbnail":["https:\/\/shobain.com\/wp-content\/uploads\/2025\/06\/galene-set-300x375.jpg",300,375,true],"woocommerce_single":["https:\/\/shobain.com\/wp-content\/uploads\/2025\/06\/galene-set-600x800.jpg",600,800,true],"woocommerce_gallery_thumbnail":["https:\/\/shobain.com\/wp-content\/uploads\/2025\/06\/galene-set-100x100.jpg",100,100,true]},"uagb_author_info":{"display_name":"Laura Roman","author_link":"https:\/\/shobain.com\/hr\/author\/"},"uagb_comment_info":0,"uagb_excerpt":"The beloved sold-out Galene set returns for one last time! Featuring dragonfly-patterned fabric and delicate dark blue stretch lace, with a fully lined bra and cheeky panty in size M. Key Features: Features an enchanting dragonfly motif on soft patterned fabric paired with delicate dark blue stretch lace Fully lined bra with breathable mesh, fitting&hellip;","_links":{"self":[{"href":"https:\/\/shobain.com\/hr\/wp-json\/wp\/v2\/product\/970","targetHints":{"allow":["GET"]}}],"collection":[{"href":"https:\/\/shobain.com\/hr\/wp-json\/wp\/v2\/product"}],"about":[{"href":"https:\/\/shobain.com\/hr\/wp-json\/wp\/v2\/types\/product"}],"replies":[{"embeddable":true,"href":"https:\/\/shobain.com\/hr\/wp-json\/wp\/v2\/comments?post=970"}],"wp:featuredmedia":[{"embeddable":true,"href":"https:\/\/shobain.com\/hr\/wp-json\/wp\/v2\/media\/975"}],"wp:attachment":[{"href":"https:\/\/shobain.com\/hr\/wp-json\/wp\/v2\/media?parent=970"}],"wp:term":[{"taxonomy":"product_brand","embeddable":true,"href":"https:\/\/shobain.com\/hr\/wp-json\/wp\/v2\/product_brand?post=970"},{"taxonomy":"product_cat","embeddable":true,"href":"https:\/\/shobain.com\/hr\/wp-json\/wp\/v2\/product_cat?post=970"},{"taxonomy":"product_tag","embeddable":true,"href":"https:\/\/shobain.com\/hr\/wp-json\/wp\/v2\/product_tag?post=970"}],"curies":[{"name":"wp","href":"https:\/\/api.w.org\/{rel}","templated":true}]}}