{"id":977,"date":"2025-06-24T21:22:32","date_gmt":"2025-06-24T19:22:32","guid":{"rendered":"https:\/\/orchid-weasel-405112.hostingersite.com\/?post_type=product&#038;p=977"},"modified":"2026-02-02T11:15:22","modified_gmt":"2026-02-02T09:15:22","slug":"esmeralda-set","status":"publish","type":"product","link":"https:\/\/shobain.com\/hr\/proizvod\/esmeralda-set\/","title":{"rendered":"Esmeralda Set"},"content":{"rendered":"<div class=\"rah-static rah-static--height-auto\" aria-hidden=\"false\">\n<div>\n<div class=\"ulKuLk QfrfFD cell\">\n<div class=\"zp8uy2\" data-hook=\"info-section-description\">\n<p data-start=\"310\" data-end=\"625\">Prekrasna smaragdno zelena cvjetna \u010dipka uparena s mekom crnom mre\u017eicom stvara zapanjuju\u0107e zavodljiv set donjeg rublja dizajniran da svaki dan pretvori u avanturu punu zavodljivosti. Bralette s halter izrezom isti\u010de zelenu \u010dipku i mre\u017easte ko\u0161arice s podesivim naramenicama i sigurnim zlatnim metalnim kop\u010danjem straga za savr\u0161eno pristajanje.<\/p>\n<p data-start=\"627\" data-end=\"918\">Ga\u0107ice kombiniraju prozirnu crnu mre\u017eicu sa zelenim \u010dipkastim aplikacijama sa strane, nagla\u0161ene razigranim izrezom i detaljem zlatnog prstena straga koji dodaje da\u0161ak koketne elegancije. Ga\u0107ice su podstavljene pamu\u010dnim jersey-om s Oeko-Tex certifikatom za udobnost.<\/p>\n<p data-start=\"920\" data-end=\"1054\">Upotpunite izgled sa \u010dipkastom choker ogrlicom koja dolazi kao dio ovog prekrasnog seta.<\/p>\n<p>&nbsp;<\/p>\n<p>\u010cipka: 92%najlon, 8% elastan<\/p>\n<p>Mre\u017ea: 90% poliester, 10% elastan<\/p>\n<p>Jersey: 94% pamuk, 6% elastan<\/p>\n<\/div>\n<\/div>\n<\/div>\n<\/div>","protected":false},"excerpt":{"rendered":"<p>Zavodljiva smaragdno zelena \u010dipka i meka crna mre\u017eica ujedinjeni su u ovom primamljivom setu koji uklju\u010duje bralette s halter izrezom, razigrane ga\u0107ice s detaljima od zlatnog prstena i odgovaraju\u0107u ogrlicu.<\/p>\n<p data-start=\"102\" data-end=\"121\"><strong data-start=\"102\" data-end=\"119\">Karakteristike:<\/strong><\/p>\n<ul data-start=\"122\" data-end=\"486\">\n<li data-start=\"122\" data-end=\"255\">\n<p data-start=\"124\" data-end=\"255\">Smaragdno zelena cvjetna \u010dipka uparena s mekom crnom mre\u017eicom u bralette-u s halter ovratnikom, podesivim naramenicama i zlatnim metalnim kop\u010danjem na stra\u017enjoj strani<\/p>\n<\/li>\n<li data-start=\"256\" data-end=\"393\">\n<p data-start=\"258\" data-end=\"393\">Ga\u0107ice od prozirne mre\u017eice, aplikacijama od zelene \u010dipke i zlatnim detaljima<\/p>\n<\/li>\n<li data-start=\"394\" data-end=\"486\">\n<p data-start=\"396\" data-end=\"486\">\u010cipkasti zeleni choker upotpunjuje ovaj look<\/p>\n<\/li>\n<\/ul>","protected":false},"featured_media":985,"comment_status":"open","ping_status":"closed","template":"","meta":{"inline_featured_image":false,"_uag_custom_page_level_css":"","site-sidebar-layout":"default","site-content-layout":"","ast-site-content-layout":"default","site-content-style":"default","site-sidebar-style":"default","ast-global-header-display":"","ast-banner-title-visibility":"","ast-main-header-display":"","ast-hfb-above-header-display":"","ast-hfb-below-header-display":"","ast-hfb-mobile-header-display":"","site-post-title":"","ast-breadcrumbs-content":"","ast-featured-img":"","footer-sml-layout":"","ast-disable-related-posts":"","theme-transparent-header-meta":"default","adv-header-id-meta":"","stick-header-meta":"","header-above-stick-meta":"","header-main-stick-meta":"","header-below-stick-meta":"","astra-migrate-meta-layouts":"set","ast-page-background-enabled":"default","ast-page-background-meta":{"desktop":{"background-color":"var(--ast-global-color-4)","background-image":"","background-repeat":"repeat","background-position":"center center","background-size":"auto","background-attachment":"scroll","background-type":"","background-media":"","overlay-type":"","overlay-color":"","overlay-opacity":"","overlay-gradient":""},"tablet":{"background-color":"","background-image":"","background-repeat":"repeat","background-position":"center center","background-size":"auto","background-attachment":"scroll","background-type":"","background-media":"","overlay-type":"","overlay-color":"","overlay-opacity":"","overlay-gradient":""},"mobile":{"background-color":"","background-image":"","background-repeat":"repeat","background-position":"center center","background-size":"auto","background-attachment":"scroll","background-type":"","background-media":"","overlay-type":"","overlay-color":"","overlay-opacity":"","overlay-gradient":""}},"ast-content-background-meta":{"desktop":{"background-color":"var(--ast-global-color-5)","background-image":"","background-repeat":"repeat","background-position":"center center","background-size":"auto","background-attachment":"scroll","background-type":"","background-media":"","overlay-type":"","overlay-color":"","overlay-opacity":"","overlay-gradient":""},"tablet":{"background-color":"var(--ast-global-color-5)","background-image":"","background-repeat":"repeat","background-position":"center center","background-size":"auto","background-attachment":"scroll","background-type":"","background-media":"","overlay-type":"","overlay-color":"","overlay-opacity":"","overlay-gradient":""},"mobile":{"background-color":"var(--ast-global-color-5)","background-image":"","background-repeat":"repeat","background-position":"center center","background-size":"auto","background-attachment":"scroll","background-type":"","background-media":"","overlay-type":"","overlay-color":"","overlay-opacity":"","overlay-gradient":""}}},"product_brand":[38],"product_cat":[26],"product_tag":[59,70,49,52,84],"class_list":{"0":"post-977","1":"product","2":"type-product","3":"status-publish","4":"has-post-thumbnail","6":"product_brand-shobain","7":"product_cat-lingerie-sets","8":"product_tag-black","9":"product_tag-everyday","10":"product_tag-lace","11":"product_tag-mesh","12":"product_tag-ready-to-ship","13":"desktop-align-center","14":"tablet-align-center","15":"mobile-align-center","17":"first","18":"instock","19":"shipping-taxable","20":"purchasable","21":"product-type-simple"},"aioseo_notices":[],"uagb_featured_image_src":{"full":["https:\/\/shobain.com\/wp-content\/uploads\/2025\/06\/esmeralda-set.jpg",1292,1722,false],"thumbnail":["https:\/\/shobain.com\/wp-content\/uploads\/2025\/06\/esmeralda-set-150x150.jpg",150,150,true],"medium":["https:\/\/shobain.com\/wp-content\/uploads\/2025\/06\/esmeralda-set-225x300.jpg",225,300,true],"medium_large":["https:\/\/shobain.com\/wp-content\/uploads\/2025\/06\/esmeralda-set-768x1024.jpg",768,1024,true],"large":["https:\/\/shobain.com\/wp-content\/uploads\/2025\/06\/esmeralda-set-768x1024.jpg",768,1024,true],"1536x1536":["https:\/\/shobain.com\/wp-content\/uploads\/2025\/06\/esmeralda-set-1152x1536.jpg",1152,1536,true],"2048x2048":["https:\/\/shobain.com\/wp-content\/uploads\/2025\/06\/esmeralda-set.jpg",1292,1722,false],"trp-custom-language-flag":["https:\/\/shobain.com\/wp-content\/uploads\/2025\/06\/esmeralda-set.jpg",9,12,false],"mailpoet_newsletter_max":["https:\/\/shobain.com\/wp-content\/uploads\/2025\/06\/esmeralda-set.jpg",1292,1722,false],"woocommerce_thumbnail":["https:\/\/shobain.com\/wp-content\/uploads\/2025\/06\/esmeralda-set-300x375.jpg",300,375,true],"woocommerce_single":["https:\/\/shobain.com\/wp-content\/uploads\/2025\/06\/esmeralda-set-600x800.jpg",600,800,true],"woocommerce_gallery_thumbnail":["https:\/\/shobain.com\/wp-content\/uploads\/2025\/06\/esmeralda-set-100x100.jpg",100,100,true]},"uagb_author_info":{"display_name":"Laura Roman","author_link":"https:\/\/shobain.com\/hr\/author\/"},"uagb_comment_info":0,"uagb_excerpt":"Seductive emerald green lace and soft black mesh unite in this alluring set, featuring a halterneck bralette, playful peek-a-boo panty with gold ring detail, and a matching choker. Key Features: Emerald green floral lace paired with soft black mesh in a halterneck bralette with adjustable straps and gold metal back closure Matching panties with sheer&hellip;","_links":{"self":[{"href":"https:\/\/shobain.com\/hr\/wp-json\/wp\/v2\/product\/977","targetHints":{"allow":["GET"]}}],"collection":[{"href":"https:\/\/shobain.com\/hr\/wp-json\/wp\/v2\/product"}],"about":[{"href":"https:\/\/shobain.com\/hr\/wp-json\/wp\/v2\/types\/product"}],"replies":[{"embeddable":true,"href":"https:\/\/shobain.com\/hr\/wp-json\/wp\/v2\/comments?post=977"}],"wp:featuredmedia":[{"embeddable":true,"href":"https:\/\/shobain.com\/hr\/wp-json\/wp\/v2\/media\/985"}],"wp:attachment":[{"href":"https:\/\/shobain.com\/hr\/wp-json\/wp\/v2\/media?parent=977"}],"wp:term":[{"taxonomy":"product_brand","embeddable":true,"href":"https:\/\/shobain.com\/hr\/wp-json\/wp\/v2\/product_brand?post=977"},{"taxonomy":"product_cat","embeddable":true,"href":"https:\/\/shobain.com\/hr\/wp-json\/wp\/v2\/product_cat?post=977"},{"taxonomy":"product_tag","embeddable":true,"href":"https:\/\/shobain.com\/hr\/wp-json\/wp\/v2\/product_tag?post=977"}],"curies":[{"name":"wp","href":"https:\/\/api.w.org\/{rel}","templated":true}]}}