{"id":987,"date":"2025-06-24T21:26:43","date_gmt":"2025-06-24T19:26:43","guid":{"rendered":"https:\/\/orchid-weasel-405112.hostingersite.com\/?post_type=product&#038;p=987"},"modified":"2026-05-04T09:23:31","modified_gmt":"2026-05-04T07:23:31","slug":"midnight-empress-set","status":"publish","type":"product","link":"https:\/\/shobain.com\/hr\/proizvod\/midnight-empress-set\/","title":{"rendered":"Midnight Empress Set"},"content":{"rendered":"<p data-start=\"389\" data-end=\"743\">Set Midnight Empress kombinira prekrasnu svjetlucavu crnu \u010dipku s mekom, prozra\u010dnom mre\u017eicom kako bi stvorio svakodnevni izgled donjeg rublja koji odi\u0161e kraljevskom zavodljivo\u0161\u0107u. Bralette isti\u010de zamr\u0161enu \u010dipku suptilnim srebrnim sjajem, uparen s mekim crnim mre\u017eastim ko\u0161aricama. Nudi potpuno podesiv dizajn s ovratnikom i srebrno kop\u010danje straga kako bi se osiguralo savr\u0161eno pristajanje.<\/p>\n<p data-start=\"745\" data-end=\"1092\">Ga\u0107ice koje se sla\u017eu imaju mekanu mre\u017eastu podlogu s prekrasnom \u010dipkastom aplikacijom sprijeda i nje\u017enim picot elasti\u010dnim detaljima. Stra\u017enji dio je u potpunosti izra\u0111en od \u010dipke, nje\u017eno prianjaju\u0107i uz va\u0161e obline sa senzualnom elegancijom. Za vrhunsku udobnost, ga\u0107ice su podstavljene certificiranim Oeko-Tex pamu\u010dnim jersey-om, \u0161to ovaj set \u010dini luksuznim izborom za svakodnevno no\u0161enje.<\/p>\n<p data-start=\"745\" data-end=\"1092\">\u010cipka: 92%najlon, 8% elastan<\/p>\n<p>Mre\u017ea: 90% poliester, 10% elastan<\/p>\n<p>Jersey: 94% pamuk, 6% elastan<\/p>","protected":false},"excerpt":{"rendered":"<p>Osje\u0107ajte se kao zavodljiva kraljica svaki dan u setu Midnight Empress, koji sadr\u017ei blistavu crnu \u010dipku i meku mre\u017eicu s podesivim grudnjakom s ovratnikom i ga\u0107icama s \u010dipkastim detaljima za udobnost.<\/p>\n<p data-start=\"97\" data-end=\"116\"><strong data-start=\"97\" data-end=\"114\">Karakteristike:<\/strong><\/p>\n<ul data-start=\"117\" data-end=\"456\">\n<li data-start=\"117\" data-end=\"254\">\n<p data-start=\"119\" data-end=\"254\">Blistava crna \u010dipka sa srebrnim svjetlucavim efektom uparena s mekom prozra\u010dnom mre\u017eicom u podesivom grudnjaku s ovratnikom i srebrnim kop\u010danjem straga<\/p>\n<\/li>\n<li data-start=\"255\" data-end=\"372\">\n<p data-start=\"257\" data-end=\"372\">Ga\u0107ice u skladu s aplikacijom od \u010dipke sprijeda, punom \u010dipkom straga i nje\u017enim picot elasti\u010dnim detaljima za senzualan izgled<\/p>\n<\/li>\n<li data-start=\"373\" data-end=\"456\">\n<p data-start=\"375\" data-end=\"456\">Ga\u0107ice podstavljene Oeko-Tex\u00ae pamu\u010dnim jersey-om za cjelodnevnu udobnost<\/p>\n<\/li>\n<li data-start=\"373\" data-end=\"456\">A ko\u0161arica\/ M ga\u0107ice<\/li>\n<\/ul>","protected":false},"featured_media":991,"comment_status":"open","ping_status":"closed","template":"","meta":{"inline_featured_image":false,"_uag_custom_page_level_css":"","site-sidebar-layout":"default","site-content-layout":"","ast-site-content-layout":"default","site-content-style":"default","site-sidebar-style":"default","ast-global-header-display":"","ast-banner-title-visibility":"","ast-main-header-display":"","ast-hfb-above-header-display":"","ast-hfb-below-header-display":"","ast-hfb-mobile-header-display":"","site-post-title":"","ast-breadcrumbs-content":"","ast-featured-img":"","footer-sml-layout":"","ast-disable-related-posts":"","theme-transparent-header-meta":"default","adv-header-id-meta":"","stick-header-meta":"","header-above-stick-meta":"","header-main-stick-meta":"","header-below-stick-meta":"","astra-migrate-meta-layouts":"set","ast-page-background-enabled":"default","ast-page-background-meta":{"desktop":{"background-color":"var(--ast-global-color-4)","background-image":"","background-repeat":"repeat","background-position":"center center","background-size":"auto","background-attachment":"scroll","background-type":"","background-media":"","overlay-type":"","overlay-color":"","overlay-opacity":"","overlay-gradient":""},"tablet":{"background-color":"","background-image":"","background-repeat":"repeat","background-position":"center center","background-size":"auto","background-attachment":"scroll","background-type":"","background-media":"","overlay-type":"","overlay-color":"","overlay-opacity":"","overlay-gradient":""},"mobile":{"background-color":"","background-image":"","background-repeat":"repeat","background-position":"center center","background-size":"auto","background-attachment":"scroll","background-type":"","background-media":"","overlay-type":"","overlay-color":"","overlay-opacity":"","overlay-gradient":""}},"ast-content-background-meta":{"desktop":{"background-color":"var(--ast-global-color-5)","background-image":"","background-repeat":"repeat","background-position":"center center","background-size":"auto","background-attachment":"scroll","background-type":"","background-media":"","overlay-type":"","overlay-color":"","overlay-opacity":"","overlay-gradient":""},"tablet":{"background-color":"var(--ast-global-color-5)","background-image":"","background-repeat":"repeat","background-position":"center center","background-size":"auto","background-attachment":"scroll","background-type":"","background-media":"","overlay-type":"","overlay-color":"","overlay-opacity":"","overlay-gradient":""},"mobile":{"background-color":"var(--ast-global-color-5)","background-image":"","background-repeat":"repeat","background-position":"center center","background-size":"auto","background-attachment":"scroll","background-type":"","background-media":"","overlay-type":"","overlay-color":"","overlay-opacity":"","overlay-gradient":""}}},"product_brand":[38],"product_cat":[26],"product_tag":[59,49,55,84,37],"class_list":{"0":"post-987","1":"product","2":"type-product","3":"status-publish","4":"has-post-thumbnail","6":"product_brand-shobain","7":"product_cat-lingerie-sets","8":"product_tag-black","9":"product_tag-lace","10":"product_tag-lace-applique","11":"product_tag-ready-to-ship","12":"product_tag-triangle-bralette","13":"desktop-align-center","14":"tablet-align-center","15":"mobile-align-center","17":"first","18":"instock","19":"shipping-taxable","20":"purchasable","21":"product-type-simple"},"aioseo_notices":[],"uagb_featured_image_src":{"full":["https:\/\/shobain.com\/wp-content\/uploads\/2025\/06\/midnight-empress-set.jpg",1290,1722,false],"thumbnail":["https:\/\/shobain.com\/wp-content\/uploads\/2025\/06\/midnight-empress-set-150x150.jpg",150,150,true],"medium":["https:\/\/shobain.com\/wp-content\/uploads\/2025\/06\/midnight-empress-set-225x300.jpg",225,300,true],"medium_large":["https:\/\/shobain.com\/wp-content\/uploads\/2025\/06\/midnight-empress-set-768x1025.jpg",768,1025,true],"large":["https:\/\/shobain.com\/wp-content\/uploads\/2025\/06\/midnight-empress-set-767x1024.jpg",767,1024,true],"1536x1536":["https:\/\/shobain.com\/wp-content\/uploads\/2025\/06\/midnight-empress-set-1151x1536.jpg",1151,1536,true],"2048x2048":["https:\/\/shobain.com\/wp-content\/uploads\/2025\/06\/midnight-empress-set.jpg",1290,1722,false],"trp-custom-language-flag":["https:\/\/shobain.com\/wp-content\/uploads\/2025\/06\/midnight-empress-set.jpg",9,12,false],"mailpoet_newsletter_max":["https:\/\/shobain.com\/wp-content\/uploads\/2025\/06\/midnight-empress-set.jpg",1290,1722,false],"woocommerce_thumbnail":["https:\/\/shobain.com\/wp-content\/uploads\/2025\/06\/midnight-empress-set-300x375.jpg",300,375,true],"woocommerce_single":["https:\/\/shobain.com\/wp-content\/uploads\/2025\/06\/midnight-empress-set-600x801.jpg",600,801,true],"woocommerce_gallery_thumbnail":["https:\/\/shobain.com\/wp-content\/uploads\/2025\/06\/midnight-empress-set-100x100.jpg",100,100,true]},"uagb_author_info":{"display_name":"Laura Roman","author_link":"https:\/\/shobain.com\/hr\/author\/"},"uagb_comment_info":0,"uagb_excerpt":"Feel like a seductive queen every day in the Midnight Empress Set, featuring sparkling black lace and soft mesh with adjustable halterneck bralette and lace-detailed panties lined for comfort. Key Features: Sparkly black lace with silver shimmer paired with soft breathable mesh in an adjustable halterneck bralette with silver back closure Matching panties with lace&hellip;","_links":{"self":[{"href":"https:\/\/shobain.com\/hr\/wp-json\/wp\/v2\/product\/987","targetHints":{"allow":["GET"]}}],"collection":[{"href":"https:\/\/shobain.com\/hr\/wp-json\/wp\/v2\/product"}],"about":[{"href":"https:\/\/shobain.com\/hr\/wp-json\/wp\/v2\/types\/product"}],"replies":[{"embeddable":true,"href":"https:\/\/shobain.com\/hr\/wp-json\/wp\/v2\/comments?post=987"}],"wp:featuredmedia":[{"embeddable":true,"href":"https:\/\/shobain.com\/hr\/wp-json\/wp\/v2\/media\/991"}],"wp:attachment":[{"href":"https:\/\/shobain.com\/hr\/wp-json\/wp\/v2\/media?parent=987"}],"wp:term":[{"taxonomy":"product_brand","embeddable":true,"href":"https:\/\/shobain.com\/hr\/wp-json\/wp\/v2\/product_brand?post=987"},{"taxonomy":"product_cat","embeddable":true,"href":"https:\/\/shobain.com\/hr\/wp-json\/wp\/v2\/product_cat?post=987"},{"taxonomy":"product_tag","embeddable":true,"href":"https:\/\/shobain.com\/hr\/wp-json\/wp\/v2\/product_tag?post=987"}],"curies":[{"name":"wp","href":"https:\/\/api.w.org\/{rel}","templated":true}]}}