{"id":993,"date":"2025-06-24T21:30:43","date_gmt":"2025-06-24T19:30:43","guid":{"rendered":"https:\/\/orchid-weasel-405112.hostingersite.com\/?post_type=product&#038;p=993"},"modified":"2026-02-02T11:15:47","modified_gmt":"2026-02-02T09:15:47","slug":"luna-seduction-thong-set","status":"publish","type":"product","link":"https:\/\/shobain.com\/hr\/proizvod\/luna-seduction-thong-set\/","title":{"rendered":"Luna Seduction Set sa Tangama"},"content":{"rendered":"<p data-start=\"385\" data-end=\"653\">Izra\u0111en od iste prekrasne crne i srebrne \u010dipke kao i Luna spava\u0107ice, Luna Seduction set je va\u0161 izbor za osje\u0107aj neodoljivog seksipila. Bralette je u potpunosti izra\u0111en od mekane crne \u010dipke, dizajniran s podesivim naramenicama i u halterneck stilu.<\/p>\n<p data-start=\"655\" data-end=\"926\">Tanga nadopunjuje izgled \u010dipkom sprijeda i mekom mre\u017eastom tkaninom na to\u010dkice straga. Svaka strana ima dvije podesive trakice, \u0161to vam omogu\u0107uje savr\u0161eno prilago\u0111avanje. Za dodatnu udobnost, ga\u0107ice su podstavljene certificiranim Oeko-Tex pamu\u010dnim jersey-om.<\/p>\n<p data-start=\"928\" data-end=\"1131\">Set odgovara veli\u010di A ko\u0161arice i S\/M\/L tangama sa trenutnom duljinom podesivih trakica sa strane. Uz svoju narud\u017ebu mo\u017eete nam poslati svoje mjere kako bismo po potrebi prilagodili duljinu trakica i osigurali savr\u0161eno pristajanje.<\/p>\n<p>\u010cipka: 92%najlon, 8% elastan<\/p>\n<p>Mre\u017ea: 90% poliester, 10% elastan<\/p>\n<p>Jersey: 94% pamuk, 6% elastan<\/p>","protected":false},"excerpt":{"rendered":"<p data-start=\"163\" data-end=\"354\">Izra\u0111en od prekrasne crne i srebrne \u010dipke, Luna Seduction set sadr\u017ei grudnjak s naramenicama i podesive tange s mekom mre\u017eicom na to\u010dkice za savr\u0161eno pristajanje i svakodnevnu udobnost.<\/p>\n<p data-start=\"97\" data-end=\"116\"><strong data-start=\"97\" data-end=\"114\">Karakteristike:<\/strong><\/p>\n<ul data-start=\"117\" data-end=\"477\">\n<li data-start=\"117\" data-end=\"231\">\n<p data-start=\"119\" data-end=\"231\">Izra\u0111en od prekrasne crne i srebrne \u010dipke s halterneck bralette-om i podesivim naramenicama<\/p>\n<\/li>\n<li data-start=\"232\" data-end=\"355\">\n<p data-start=\"234\" data-end=\"355\">Tange s podesivim trakicama, \u010dipkom sprijeda i mekom mre\u017eicom na to\u010dkice straga<\/p>\n<\/li>\n<li data-start=\"356\" data-end=\"477\">\n<p data-start=\"358\" data-end=\"477\">Ga\u0107ice su podstavljene Oeko-Tex\u00ae pamu\u010dnim jersey-om<\/p>\n<\/li>\n<li data-start=\"356\" data-end=\"477\">Veli\u010dina: A ko\u0161arica, S\/M\/L ga\u0107ice<\/li>\n<\/ul>","protected":false},"featured_media":999,"comment_status":"open","ping_status":"closed","template":"","meta":{"inline_featured_image":false,"_uag_custom_page_level_css":"","site-sidebar-layout":"default","site-content-layout":"","ast-site-content-layout":"default","site-content-style":"default","site-sidebar-style":"default","ast-global-header-display":"","ast-banner-title-visibility":"","ast-main-header-display":"","ast-hfb-above-header-display":"","ast-hfb-below-header-display":"","ast-hfb-mobile-header-display":"","site-post-title":"","ast-breadcrumbs-content":"","ast-featured-img":"","footer-sml-layout":"","ast-disable-related-posts":"","theme-transparent-header-meta":"default","adv-header-id-meta":"","stick-header-meta":"","header-above-stick-meta":"","header-main-stick-meta":"","header-below-stick-meta":"","astra-migrate-meta-layouts":"set","ast-page-background-enabled":"default","ast-page-background-meta":{"desktop":{"background-color":"var(--ast-global-color-4)","background-image":"","background-repeat":"repeat","background-position":"center center","background-size":"auto","background-attachment":"scroll","background-type":"","background-media":"","overlay-type":"","overlay-color":"","overlay-opacity":"","overlay-gradient":""},"tablet":{"background-color":"","background-image":"","background-repeat":"repeat","background-position":"center center","background-size":"auto","background-attachment":"scroll","background-type":"","background-media":"","overlay-type":"","overlay-color":"","overlay-opacity":"","overlay-gradient":""},"mobile":{"background-color":"","background-image":"","background-repeat":"repeat","background-position":"center center","background-size":"auto","background-attachment":"scroll","background-type":"","background-media":"","overlay-type":"","overlay-color":"","overlay-opacity":"","overlay-gradient":""}},"ast-content-background-meta":{"desktop":{"background-color":"var(--ast-global-color-5)","background-image":"","background-repeat":"repeat","background-position":"center center","background-size":"auto","background-attachment":"scroll","background-type":"","background-media":"","overlay-type":"","overlay-color":"","overlay-opacity":"","overlay-gradient":""},"tablet":{"background-color":"var(--ast-global-color-5)","background-image":"","background-repeat":"repeat","background-position":"center center","background-size":"auto","background-attachment":"scroll","background-type":"","background-media":"","overlay-type":"","overlay-color":"","overlay-opacity":"","overlay-gradient":""},"mobile":{"background-color":"var(--ast-global-color-5)","background-image":"","background-repeat":"repeat","background-position":"center center","background-size":"auto","background-attachment":"scroll","background-type":"","background-media":"","overlay-type":"","overlay-color":"","overlay-opacity":"","overlay-gradient":""}}},"product_brand":[38],"product_cat":[26],"product_tag":[98,59,49,105,84,103,108],"class_list":{"0":"post-993","1":"product","2":"type-product","3":"status-publish","4":"has-post-thumbnail","6":"product_brand-shobain","7":"product_cat-lingerie-sets","8":"product_tag-adjustable","9":"product_tag-black","10":"product_tag-lace","11":"product_tag-luna","12":"product_tag-ready-to-ship","13":"product_tag-strappy","14":"product_tag-thong","15":"desktop-align-center","16":"tablet-align-center","17":"mobile-align-center","19":"first","20":"instock","21":"shipping-taxable","22":"purchasable","23":"product-type-simple"},"aioseo_notices":[],"uagb_featured_image_src":{"full":["https:\/\/shobain.com\/wp-content\/uploads\/2025\/06\/luna-set.jpg",1292,1722,false],"thumbnail":["https:\/\/shobain.com\/wp-content\/uploads\/2025\/06\/luna-set-150x150.jpg",150,150,true],"medium":["https:\/\/shobain.com\/wp-content\/uploads\/2025\/06\/luna-set-225x300.jpg",225,300,true],"medium_large":["https:\/\/shobain.com\/wp-content\/uploads\/2025\/06\/luna-set-768x1024.jpg",768,1024,true],"large":["https:\/\/shobain.com\/wp-content\/uploads\/2025\/06\/luna-set-768x1024.jpg",768,1024,true],"1536x1536":["https:\/\/shobain.com\/wp-content\/uploads\/2025\/06\/luna-set-1152x1536.jpg",1152,1536,true],"2048x2048":["https:\/\/shobain.com\/wp-content\/uploads\/2025\/06\/luna-set.jpg",1292,1722,false],"trp-custom-language-flag":["https:\/\/shobain.com\/wp-content\/uploads\/2025\/06\/luna-set.jpg",9,12,false],"mailpoet_newsletter_max":["https:\/\/shobain.com\/wp-content\/uploads\/2025\/06\/luna-set.jpg",1292,1722,false],"woocommerce_thumbnail":["https:\/\/shobain.com\/wp-content\/uploads\/2025\/06\/luna-set-300x375.jpg",300,375,true],"woocommerce_single":["https:\/\/shobain.com\/wp-content\/uploads\/2025\/06\/luna-set-600x800.jpg",600,800,true],"woocommerce_gallery_thumbnail":["https:\/\/shobain.com\/wp-content\/uploads\/2025\/06\/luna-set-100x100.jpg",100,100,true]},"uagb_author_info":{"display_name":"Laura Roman","author_link":"https:\/\/shobain.com\/hr\/author\/"},"uagb_comment_info":0,"uagb_excerpt":"Made from stunning black and silver lace, the Luna Seduction Set features a strappy halterneck bralette and adjustable thong with soft polka dot mesh for the perfect fit and everyday comfort. Key Features: Crafted from exquisite black and silver lace with a flattering halterneck bralette featuring adjustable straps Strappy thong with lace front and soft&hellip;","_links":{"self":[{"href":"https:\/\/shobain.com\/hr\/wp-json\/wp\/v2\/product\/993","targetHints":{"allow":["GET"]}}],"collection":[{"href":"https:\/\/shobain.com\/hr\/wp-json\/wp\/v2\/product"}],"about":[{"href":"https:\/\/shobain.com\/hr\/wp-json\/wp\/v2\/types\/product"}],"replies":[{"embeddable":true,"href":"https:\/\/shobain.com\/hr\/wp-json\/wp\/v2\/comments?post=993"}],"wp:featuredmedia":[{"embeddable":true,"href":"https:\/\/shobain.com\/hr\/wp-json\/wp\/v2\/media\/999"}],"wp:attachment":[{"href":"https:\/\/shobain.com\/hr\/wp-json\/wp\/v2\/media?parent=993"}],"wp:term":[{"taxonomy":"product_brand","embeddable":true,"href":"https:\/\/shobain.com\/hr\/wp-json\/wp\/v2\/product_brand?post=993"},{"taxonomy":"product_cat","embeddable":true,"href":"https:\/\/shobain.com\/hr\/wp-json\/wp\/v2\/product_cat?post=993"},{"taxonomy":"product_tag","embeddable":true,"href":"https:\/\/shobain.com\/hr\/wp-json\/wp\/v2\/product_tag?post=993"}],"curies":[{"name":"wp","href":"https:\/\/api.w.org\/{rel}","templated":true}]}}